{"id":321,"date":"2024-12-19T09:17:01","date_gmt":"2024-12-19T08:17:01","guid":{"rendered":"https:\/\/www.comunitadonmilani.it\/?page_id=321"},"modified":"2024-12-19T09:20:24","modified_gmt":"2024-12-19T08:20:24","slug":"don-lorenzo-milani","status":"publish","type":"page","link":"https:\/\/www.comunitadonmilani.it\/index.php\/don-lorenzo-milani\/","title":{"rendered":"Don Lorenzo Milani"},"content":{"rendered":"<p style=\"font-weight: 400; text-align: justify;\"><strong>Don Lorenzo Milani<\/strong><\/p>\n<p style=\"font-weight: 400; text-align: justify;\"><em>Profilo Biografico<\/em><\/p>\n<p style=\"font-weight: 400; text-align: justify;\">Tratto da due ottimi libri che danno l&#8217;idea del percorso di don Lorenzo Milani: quello di Oriana Fallaci, Vita del prete Lorenzo Milani, B.U.R. seconda edizione, 1994, e quello di Giorgio Pecorini, Don Milani! Chi era costui?, Baldini e Castoldi, seconda edizione 1996:<img loading=\"lazy\" decoding=\"async\" class=\" wp-image-323 alignright\" src=\"https:\/\/www.comunitadonmilani.it\/wp-content\/uploads\/2024\/12\/donmilgrup.jpg\" alt=\"\" width=\"392\" height=\"290\" \/><br \/>\nLorenzo Carlo Domenico Milani Comparetti nasce a Firenze il 27 maggio1923 in una famiglia ricca di cultura oltre che di denaro. [&#8230;.] Intellettuali e scienziati gli ascendenti (paterni) di Milani, veronesi d&#8217;origine ma trapiantati in Toscana. [&#8230;.] Intellettuali e scienziati inseriti nel gran flusso della cultura mitteleuropea gli ascendenti (materni), boemi d&#8217;origine trapiantati nella Trieste asburgica, ebrei di etnia ma quasi tutti lontani da osservanze e pratiche religiose, agnostici quando non dichiaratamente atei&#8221;. (Pecorini)<br \/>\nNon brill\u00f2 mai, come studente, nemmeno da bambino. Forse dipendeva dal fatto che Lorenzo era sempre stato un ragazzo di salute piuttosto delicata<br \/>\n(abbiamo detto che, quando fu colpito da irite, per mesi e mesi non pot\u00e9 addirittura n\u00e9 leggere n\u00e9 scrivere) e perci\u00f2 aveva lacune che l&#8217;intelligenza non bastava a colmare. Forse dipendeva dal fatto che, in casa Milani, il superamento dei traguardi scolastici non si svolgeva in quell&#8217;atmosfera drammatica tipica delle famiglie borghesi dove un ragazzo bocciato, o anche solo rimandato a ottobre, era guardato pi\u00f9 o meno come un criminale che ha sgozzato la nonna: in casa Milani era messo in chiaro che uno studiava per s\u00e9, e non per far contenti i genitori. [\u2026] La crisi di rigetto della scuola divent\u00f2 gravissima quando Lorenzo Milani frequentava la prima del liceo classico, sezione A, al &#8220;Berchet&#8221;: anno scolastico 1939-&#8220;40. Nel primo trimestre ebbe una pagella con &#8220;cinque&#8221; in storia, greco scritto, latino scritto; &#8220;quattro&#8221; in filosofia; &#8220;scarso&#8221; in religione. Nel secondo trimestre fece tante di quelle assenze che non venne classificato in italiano, greco, matematica e storia dell&#8217;arte. Non riusciva ad adattarsi ai convenzionalissimi della scuola, contro cui si scaglier\u00e0 in &#8220;Lettera ad una professoressa&#8221; (Fallaci 39,40, 42,43).<br \/>\nCon sorpresa e rammarico dei genitori, che pe\u00f2 non lo contrastano, rifiuta di andare all&#8217;universit\u00e0: vuol fare il pittore. [\u2026 ] Nella primavera del &#8220;43, dopo i primi pesanti bombardamenti anglo-americani [ \u2026 ] (arriva) la conversione apparentemente improvvisa e l&#8217;entrata in seminario, l&#8217;8 novembre di quello stesso anno. Ordinato sacerdote il 13 luglio del &#8220;47, dopo un brevissimo incarico nella parrocchia di Montespertoli, don Lorenzo Milani viene mandato cappellano a Calenzano, e ci resta oltre sette anni. Appena arrivato, impianta in canonica una scuola serale aperta a tutti i giovani, senza discriminazioni politiche o partitiche purch\u00e9 di estrazione popolare e operaia. Con la scuola, ma non soltanto con essa, in breve tempo si tira addosso prima la diffidenza, poi l&#8217;aperta ostilit\u00e0 dei benpensanti moderati, democristiani in testa, e di molti altri preti della zona. Ha preso inizio cos\u00ec una campagna prima di opposizione sorda, poi di diffamazione aperta che culmina, nel dicembre del &#8220;54, con l&#8217;esilio del Priore a Barbiana: qui organizza subito una nuova scuola a misura dei bisogni dei suoi nuovi pochissimi parrocchiani. [\u2026 ] Nel 1958, in primavera, esce Esperienze pastorali , il suo primo e unico libro, del quale, a dicembre, il santo offizio ordina il ritiro dal commercio e vieta ristampe e traduzioni. Nel 1960 avverte i primi sintomi del morbo di Hodgkin. Nel 1965 replica pubblicamente agli insulti rivolti da un gruppo di cappellani militari agli obiettori di coscienza, e si guadagna un rinvio a giudizio per istigazione a delinquere e istigazione di militari a disobbedire alle leggi. Impossibilitato dalla malattia a presentarsi in tribunale, scrive la propria autodifesa, resa pubblica alla prima udienza del processo: \u00e8 la Lettera ai giudici.<br \/>\nAssolto con formula piena, resta imputato, per il ricorso del pubblico ministero. Ma non arriva a ricevere la condanna d&#8217;appello, che colpir\u00e0 il suo testo: il 26 giugno 1967, trenta giorni dopo aver compiuto i quarantaquattro anni, muore a Firenze, in casa della madre. Da sei settimane \u00e8 uscita Lettera a una professoressa, il libro scritto dai ragazzi della scuola di Barbiana sotto la sua regia &#8220;da povero vecchio moribondo&#8221; (Pecorini).<\/p>\n<p style=\"font-weight: 400; text-align: justify;\"><strong>Frasi di Don Lorenzo Milani<\/strong><\/p>\n<p style=\"font-weight: 400; text-align: justify;\">&#8220;Fai strada ai poveri senza farti strada&#8221;<br \/>\n&#8220;Quando ci si affanna a cercare apposta l&#8217;occasione per infilar la fede nei discorsi si dimostra di averne poca, di pensare che la fede sia qualcosa di artificiale aggiunto alla vita e non invece modo di vivere di essere. [ \u2026] Spesso gli amici mi chiedono come faccio a fare scuola e come faccio a averla piena. Insistono perch\u00e9 io scriva per loro un metodo, che io precisi i programmi, le materie, la tecnica didattica. Sbagliano la domanda, non dovrebbero preoccuparsi di come bisogna fare per fare scuola, ma di come bisogna essere per poter far scuola&#8221;.<br \/>\n&#8220;Voi dite che Pierino (figlio) del dottore scrive bene. Per forza, parla come voi. Appartiene alla ditta. Invece la lingua che parla e scrive Gianni (figlio) dell&#8217;operaio \u00e8 quella del babbo. Quando Gianni era piccino chiamava la radio lalla. E il babbo serio: &#8220;non si dice lalla, si dice aradio&#8221;. Ora, se \u00e8 possibile, \u00e8 bene che Gianni impari a dire anche radio. La vostra lingua potrebbe fargli comodo. Ma intanto non potete cacciarlo da scuola. &#8220;Tutti i cittadini sono uguali senza distinzione di lingua. L&#8217;ha detto la costituzione pensando a lui&#8221;.<\/p>\n<p style=\"text-align: justify;\">&#8220;Io non faccio servizi a pagamento, non vendo le mie singole prestazioni, ma vendo la mia vita intera, quel che faccio \u00e8 uguale per tutti, non faccio piaceri speciali a nessuno perch\u00e9 tutti sono ugualmente figliuoli&#8221;.<br \/>\n&#8220;Siate buoni cittadini e sarete buoni cristiani&#8221;.<br \/>\n&#8220;Se la scuola perde ragazzi: &#8220;E&#8217; un ospedale che cura i sani e respinge i malati&#8221;.<br \/>\n&#8220;Se la penna riesce a far rumore vuol dire che lo scritto \u00e8 efficace&#8221;.<br \/>\n&#8220;Se voi avete il diritto di dividere il mondo in italiani e stranieri, allora vi dir\u00f2 che reclamo il diritto di dividere il mondo in diseredati ed oppressi da un lato e privilegiati dall&#8217;altro. I primi sono la mia patria i secondi i miei stranieri&#8221;.<br \/>\n&#8220;Io son sereno quando son &#8220;intonato&#8221; con ogni evenienza e cio\u00e8 quando il mio pensiero non stona con nulla d&#8217;altro che possa accadere. Io smisi di fare il pittore solo per questo&#8221;.<br \/>\n&#8220;Chi sa volare non deve buttar via le ali per solidariet\u00e0 con i pedoni deve, piuttosto, insegnare a tutti il volo&#8221;. L&#8217;arte \u00e8 una cosa seria, fatta di una tecnica piccina&#8230;.. L&#8217;arte \u00e8 l&#8217;incontrario di pigrizia. E\u2019 volere male a qualcuno o qualcosa. Ripensarci sopra a lungo. Farsi aiutare dagli amici in un paziente lavoro di squadra. Piano piano viene fuori quello che di vero c&#8217;\u00e8 sotto l&#8217;odio. Nasce l&#8217;opera d&#8217;arte: una mano tesa al nemico perch\u00e9 cambi&#8221;.<br \/>\n&#8220;Non c&#8217;\u00e8 nulla che sia ingiusto quanto far le parti uguali fra disuguali&#8221;.<br \/>\n&#8220;Io non sono un sognatore sociale e politico: io sono un educatore di ragazzi vivi, ed educo i miei ragazzi vivi ad essere buoni figliuoli, responsabili delle loro azioni, cittadini sovrani&#8221;.<br \/>\n&#8220;L&#8217;insuccesso non \u00e8 di per s\u00e9 un segno d&#8217;errore, tutt&#8217;altro&#8221;. &#8220;La grandezza di una vita non si misura dalla grandezza del posto in cui si \u00e8 svolta. E neanche la possibilit\u00e0 di fare del bene dal numero dei parrocchiani&#8221;.<\/p>\n<h3 style=\"text-align: justify;\">Testimonianze<\/h3>\n<p style=\"font-weight: 400; text-align: justify;\">Testimonianze rese durante un convegno di studi sulla pedagogia milaniana organizzato dalla cooperativa, cui partecip\u00f2, tra gli altri, Edoardo Martinelli, allievo del Priore.<\/p>\n<p style=\"text-align: justify;\"><strong>&#8211; Edoardo Martinelli.\u00a0<\/strong>&#8220;&#8230;. Don Lorenzo ha prodotto le sue idee non da solo ma aderendo ai bisogni della gente. Se anche solo si volesse velocemente rifare la storia della scuola di Barbiana noi vedremmo che questa scuola nasce e si evolve attraverso le necessit\u00e0 che il popolo esprime. E&#8217; quindi una scuola legata al territorio, una scuola che produce progetti, una scuola che costruir\u00e0 una casa alla vedova ecc. Don Lorenzo si \u00e8 definito un educatore regista e portatore di strumenti e il ruolo che mi \u00e8 stato dato in questa esperienza, anche in modo provocatorio, \u00e8 stato appunto quello di dimostrare che questa figura pu\u00f2 essere inserita come profilo all&#8217;interno della scuola. Che cosa vuol dire un educatore regista portatore di strumenti? Intanto un educatore regista \u00e8 una figura che ribalta la scuola come logica. La centralit\u00e0 non \u00e8 pi\u00f9 data alla cultura in un senso lato ma \u00e8 data al ragazzo, cio\u00e8 all&#8217;apprendimento&#8230;&#8221;<\/p>\n<p style=\"text-align: justify;\"><strong>&#8211; Francesco Fusca, Ispettore Ministero Pubblica Istruzione. &#8220;<\/strong>&#8230;.Certo, don Milani non piaceva! E come poteva piacere alle varie Istituzioni della societ\u00e0 se parlava e urlava ( e, la cosa pi\u00f9 pericolosa, scriveva!) che il diritto allo studio era ben garantito sulla carta, ma completamente eluso nella realt\u00e0 di molte scuole d&#8217;Italia? Come poteva piacere alla chiesa- alla quale apparteneva sin dall&#8217;inizio e con essa e in nome di essa volle morire che lo contrastava e lo puniva mortificandolo e isolandolo, perch\u00e9 predicava nel nome di un Dio buono&#8230;.&#8221;<\/p>\n<p style=\"text-align: justify;\"><strong>&#8211; Mario Lodi, pedagogista, scrittore. &#8220;<\/strong>Cari amici, non potendo partecipare al vostro convegno su don Milani, voglio esprimere con questa lettera la mia solidariet\u00e0 all&#8217;iniziativa della vostra Cooperativa, che al Priore e alla sua scuola si richiama, sia per la scelta del nome sia soprattutto per gli ideali cui si ispira il vostro lavoro. Ho letto con attenzione la documentazione che mi avete mandato e ne ho dedotto che i valori fondamentali che animavano l&#8217;opera di don Lorenzo sono alla base della vostra attivit\u00e0, in una situazione storica ovviamente diversa. Don Lorenzo, realizzando queste idee, nel piccolo e sperduto mondo di Barbiana, ha lanciato il messaggio che oggi voi cercate di attuare nella vostra comunit\u00e0. Quel che voi fate non \u00e8 un&#8217;esperienza isolata: in Italia esistono tante esperienze simili, tante piccole Barbiana in cui giovani e adulti, uomini e donne e anziani, in forme diverse ma con lo stesso spirito, aiutano i deboli a diventare forti, cio\u00e8 a rivendicare la dignit\u00e0 di persone che hanno il diritto di vivere e di essere felici&#8230;&#8221;<\/p>\n<p style=\"text-align: justify;\"><strong>\u00a0&#8211;<\/strong>\u00a0<strong>Giuseppe Trebisacce, Ordinario di Storia della Pedagogia<\/strong>. &#8220;&#8230;.Don Milani si colloca nell&#8217;alveo della pedagogia attiva che si fa prepotentemente strada nel secondo dopoguerra sulla base di indicazioni pedagogiche provenienti d&#8217;oltralpe, pensiamo a Freinet, anche d&#8217;oltre Oceano; pensiamo alla fortuna di Dewey in Italia a cominciare dal secondo dopoguerra che informa percorsi, che si confronta, d\u00e0 luogo a una didattica. ad una pedagogia di casa nostra, di cui esempio e testimonianze concrete sono nomi come quelli di Mario Lodi, Bruno Ciari, Albino Bernardino e in una visone comunitaria Danilo Dolci in Sicilia. Don Milani \u00e8 l&#8217;espressione di una pedagogia che punta alla formazione della persona completa, anche della comunit\u00e0&#8230;&#8221;<\/p>\n<p style=\"text-align: justify;\"><strong>&#8211; don Gianni Mazzillo, Direttore Istituto Teologico Calabro<em>.<\/em>\u00a0<\/strong>&#8220;&#8230;Gli obiettivi che si prefiggeva Don Milani erano quelli della crescita dei &#8220;pi\u00f9 piccoli&#8221;, dei poveri, di quelli che non solo erano sfruttati, ma erano anche imbrogliati, a motivo della loro incapacit\u00e0 a difendere i propri diritti, a far valere le proprie ragioni, a farsi sentire. Imparare una lingua era allora imparare ad essere se stessi e a difendere ci\u00f2 che spettava. Deve essere anche per noi l&#8217;esempio a vincere tutti i complessi di inferiorit\u00e0, che ci portiamo dietro, che ci portiamo dentro, anche, e soprattutto, a motivo delle nostre esperienze vissute, le esperienze di uno sfruttamento sistematico avvenuto durante i secoli, da parte dei potenti della storia e la sofferenza di aver vissuto le proprie piccole storie, spesso come storie nelle quali occorreva soffrire e tacere&#8230;&#8221;<\/p>\n","protected":false},"excerpt":{"rendered":"<p>Don Lorenzo Milani Profilo Biografico Tratto da due ottimi libri che danno l&#8217;idea del percorso di don Lorenzo Milani: quello di Oriana Fallaci, Vita del prete Lorenzo Milani, B.U.R. seconda edizione, 1994, e quello di Giorgio Pecorini, Don Milani! Chi era costui?, Baldini e Castoldi, seconda edizione 1996: Lorenzo Carlo Domenico Milani Comparetti nasce a &hellip;<\/p>\n","protected":false},"author":1,"featured_media":0,"parent":0,"menu_order":0,"comment_status":"closed","ping_status":"closed","template":"","meta":{"footnotes":""},"class_list":["post-321","page","type-page","status-publish",""],"_links":{"self":[{"href":"https:\/\/www.comunitadonmilani.it\/index.php\/wp-json\/wp\/v2\/pages\/321","targetHints":{"allow":["GET"]}}],"collection":[{"href":"https:\/\/www.comunitadonmilani.it\/index.php\/wp-json\/wp\/v2\/pages"}],"about":[{"href":"https:\/\/www.comunitadonmilani.it\/index.php\/wp-json\/wp\/v2\/types\/page"}],"author":[{"embeddable":true,"href":"https:\/\/www.comunitadonmilani.it\/index.php\/wp-json\/wp\/v2\/users\/1"}],"replies":[{"embeddable":true,"href":"https:\/\/www.comunitadonmilani.it\/index.php\/wp-json\/wp\/v2\/comments?post=321"}],"version-history":[{"count":1,"href":"https:\/\/www.comunitadonmilani.it\/index.php\/wp-json\/wp\/v2\/pages\/321\/revisions"}],"predecessor-version":[{"id":324,"href":"https:\/\/www.comunitadonmilani.it\/index.php\/wp-json\/wp\/v2\/pages\/321\/revisions\/324"}],"wp:attachment":[{"href":"https:\/\/www.comunitadonmilani.it\/index.php\/wp-json\/wp\/v2\/media?parent=321"}],"curies":[{"name":"wp","href":"https:\/\/api.w.org\/{rel}","templated":true}]}}