{"id":317,"date":"2024-12-19T09:09:38","date_gmt":"2024-12-19T08:09:38","guid":{"rendered":"https:\/\/www.comunitadonmilani.it\/?page_id=317"},"modified":"2024-12-19T09:20:51","modified_gmt":"2024-12-19T08:20:51","slug":"principi-e-valori","status":"publish","type":"page","link":"https:\/\/www.comunitadonmilani.it\/index.php\/principi-e-valori\/","title":{"rendered":"Principi e Valori"},"content":{"rendered":"<p><strong><em>Principi di riferimento<\/em><\/strong><\/p>\n<ul>\n<li style=\"text-align: justify;\">La natura mutualistica: il fine non \u00e8 il profitto, ma procurare beni e servizi a condizioni vantaggiose.<\/li>\n<li style=\"text-align: justify;\">Il carattere non speculativo: la &#8220;don Milani&#8221; \u00e8 un&#8217;organizzazione non lucrativa ONLUS.<\/li>\n<li style=\"text-align: justify;\">L&#8217;autogestione: partendo dal presupposto che la \u201cCasa\u201d dovr\u00e0 essere autogestita dagli operatori e dai residenti, si cercher\u00e0 di realizzarla con aiuti delle persone generose.<\/li>\n<li style=\"text-align: justify;\">La cultura dell&#8217;integrazione e del mutuo aiuto: si intende abolire la tradizionale divisione delle persone in categorie e stimolare il mutuo aiuto (il pi\u00f9 anziano aiuta il meno anziano, il pi\u00f9 autonomo aiuta il meno autonomo).<\/li>\n<li style=\"text-align: justify;\">La cultura della parit\u00e0: pur nel rispetto della diversit\u00e0 dei ruoli, le persone hanno pari diritti e pari dignit\u00e0. Non ci sono operatori e utenti in senso stretto ma tutti sono operatori e utenti allo stesso tempo.<\/li>\n<\/ul>\n<p><strong><em>Valori fondamentali<\/em><\/strong><\/p>\n<ul>\n<li style=\"text-align: justify;\">Lavorare sulla parte sana: anche nelle persone pi\u00f9 in difficolt\u00e0 esiste una parte sana sulla quale scommettere;<\/li>\n<li style=\"text-align: justify;\">Ricerca del benessere personale e sociale: obiettivo principale \u00e8 il raggiungimento del livello pi\u00f9 alto possibile di benessere personale e sociale: autostima, relazione autentica con gli altri, consapevolezza delle proprie risorse e dei limiti, capacit\u00e0 di stare, progettare e costruire insieme agli altri;<\/li>\n<li style=\"text-align: justify;\">Non sostituirsi al Pubblico: non ci vogliamo sostituire a nessuno, n\u00e9 siamo dei taumaturghi a cui delegare i problemi della marginalit\u00e0 e del disagio sociale. Vogliamo, contaminare, disseminare segni&#8230;..<\/li>\n<li style=\"text-align: justify;\">Il cambiamento come valore: crediamo all&#8217;importanza di educare ed educarsi al cambiamento per &#8220;saper divenire&#8221;;<\/li>\n<li style=\"text-align: justify;\">Sviluppo della socialit\u00e0 e della creativit\u00e0: uno degli elementi essenziali della disponibilit\u00e0 al cambiamento \u00e8 la ricerca di possibilit\u00e0 di attuare nuovi modelli di intervento;<\/li>\n<li style=\"text-align: justify;\">Pi\u00f9 giustizia sociale: non ci si pone come antagonisti nei confronti della realt\u00e0 sociale ma come forza che cerca di limitare i danni e a realizzare, nei fatti, una maggiore giustizia sociale;<\/li>\n<li style=\"text-align: justify;\">Una cultura che educhi all&#8217;ottimismo e alla speranza: ci sforziamo di pensare al nostro lavoro come una provocazione in grado di suscitare attenzione, riflessione, dibattito. Vogliamo essere co-promotori di una cultura basata sulla cooperazione piuttosto che sull&#8217;agonismo, sull&#8217;ascolto delle ragioni degli altri piuttosto che sull&#8217;affermazione esasperata delle proprie e sul giudizio.<\/li>\n<\/ul>\n<blockquote>\n<p style=\"font-weight: 400; text-align: justify;\"><span style=\"color: #000000;\"><em>&#8220;Gli anziani, che in tutte le civilt\u00e0 sono considerati portatori di saggezza, potrebbero oggi essere ancora utili alla comunit\u00e0 con la loro esperienza [&#8230;]. I disabili, se accettati e inseriti nella societ\u00e0 in quanto esseri umani con la loro dignit\u00e0, annullerebbero il falso confine tra normali e diversi (poich\u00e9 per fortuna tutti siamo diversi) e contribuirebbero a ripensare la societ\u00e0 secondo valori umani e cristiani, da attuare nella pratica quotidiana&#8221;.\u00a0<\/em><em>(Mario Lodi)<\/em><\/span><\/p>\n<\/blockquote>\n","protected":false},"excerpt":{"rendered":"<p>Principi di riferimento La natura mutualistica: il fine non \u00e8 il profitto, ma procurare beni e servizi a condizioni vantaggiose. Il carattere non speculativo: la &#8220;don Milani&#8221; \u00e8 un&#8217;organizzazione non lucrativa ONLUS. L&#8217;autogestione: partendo dal presupposto che la \u201cCasa\u201d dovr\u00e0 essere autogestita dagli operatori e dai residenti, si cercher\u00e0 di realizzarla con aiuti delle persone &hellip;<\/p>\n","protected":false},"author":1,"featured_media":0,"parent":0,"menu_order":0,"comment_status":"closed","ping_status":"closed","template":"","meta":{"footnotes":""},"class_list":["post-317","page","type-page","status-publish",""],"_links":{"self":[{"href":"https:\/\/www.comunitadonmilani.it\/index.php\/wp-json\/wp\/v2\/pages\/317","targetHints":{"allow":["GET"]}}],"collection":[{"href":"https:\/\/www.comunitadonmilani.it\/index.php\/wp-json\/wp\/v2\/pages"}],"about":[{"href":"https:\/\/www.comunitadonmilani.it\/index.php\/wp-json\/wp\/v2\/types\/page"}],"author":[{"embeddable":true,"href":"https:\/\/www.comunitadonmilani.it\/index.php\/wp-json\/wp\/v2\/users\/1"}],"replies":[{"embeddable":true,"href":"https:\/\/www.comunitadonmilani.it\/index.php\/wp-json\/wp\/v2\/comments?post=317"}],"version-history":[{"count":2,"href":"https:\/\/www.comunitadonmilani.it\/index.php\/wp-json\/wp\/v2\/pages\/317\/revisions"}],"predecessor-version":[{"id":319,"href":"https:\/\/www.comunitadonmilani.it\/index.php\/wp-json\/wp\/v2\/pages\/317\/revisions\/319"}],"wp:attachment":[{"href":"https:\/\/www.comunitadonmilani.it\/index.php\/wp-json\/wp\/v2\/media?parent=317"}],"curies":[{"name":"wp","href":"https:\/\/api.w.org\/{rel}","templated":true}]}}