{"id":285,"date":"2024-12-17T20:23:31","date_gmt":"2024-12-17T19:23:31","guid":{"rendered":"https:\/\/www.comunitadonmilani.it\/?page_id=285"},"modified":"2025-02-09T17:56:31","modified_gmt":"2025-02-09T16:56:31","slug":"chi-siamo-2","status":"publish","type":"page","link":"https:\/\/www.comunitadonmilani.it\/index.php\/chi-siamo-2\/","title":{"rendered":"Chi siamo"},"content":{"rendered":"<p style=\"text-align: justify;\"><strong>CHI SIAMO<\/strong><br \/>\nSiamo una comunit\u00e0 di persone che cercano di far risorgere, dalle ceneri di una societ\u00e0 fondata sulla competitivit\u00e0\u00a0 sfrenata, per tanti aspetti violenta, bagliori di una possibile alternativa, da costruire ex novo. Confucio una volta disse: trovatemi una famiglia proba ed \u00e8 salvo l\u2019impero, noi diciamo che \u201claddove cresce il male pu\u00f2 nascere ci\u00f2 che salva\u201d (mutuata dal poeta Holderlin) e che per salvare occorre offrire esempi positivi fatti andare a buon fine.<\/p>\n<p style=\"text-align: justify;\"><strong>IL FONDATORE<\/strong><br \/>\nIl primo anello della catena che negli anni si \u00e8 venuta a creare \u00e8 Nello, \u201cNello Serra, inquieto,\u00a0 inesauribile animatore, animale sociale, figlio di contaminazioni filosofiche molto alte\u201d. Cos\u00ec lo defin\u00ec il giornalista e scrittore Claudio Dionesalvi. \u201cUn filosofo che coltiva soprattutto sogni, che alleva soprattutto idee, che accoglie soprattutto culture, disagi, ricchezze di umanit\u00e0&#8230;Carattere riservato e poco incline all\u2019adulazione\u201d. Cos\u00ec lo present\u00f2 Gennaro Cosentino, giornalista Rai, in un suo servizio.<br \/>\nNello \u00e8 figlio di questa terra, dalla quale in et\u00e0 giovanile emigr\u00f2, per formarsi come uomo, cittadino del mondo , operatore del \u201cprendersi cura\u201d, in una delle citt\u00e0 europee pi\u00f9 importanti che \u00e8 Milano, lavorando per circa un decennio all\u2019Istituto di rieducazione per minorenni Cesare Beccaria, a contatto con educatori, giudici minorili, assistenti sociali, psicologi, che contribuirono alla sua formazione, arricchendola con gli studi, nella facolt\u00e0 di scienze politiche (interrotti a met\u00e0 percorso) e di filosofia (coronati dalla laurea).<br \/>\nAl suo ritorno, dopo circa un decennio di permanenza in questa citt\u00e0, riusc\u00ec a realizzare, in un periodo lungo oltre quarant\u2019anni, il sogno di far attecchire, in un terreno difficile, come quello calabrese, un progetto sociale a spettro largo, avente come caposaldo motivazionale l\u2019 \u201cinvestimento nella fiducia\u201d, foriero di sempre nuove conquistabili mete.<br \/>\nDi questo sodalizio \u00e8 il fondatore, non ricopre cariche, ha un solo obiettivo: Essere superato, dalle nuove generazioni gi\u00e0 all\u2019opera nei vari ruoli, ruoli precisi ma mai rigidi, come \u00e8 giusto che sia in un contesto democratico e non competitivo.<\/p>\n<p style=\"text-align: center;\"><img loading=\"lazy\" decoding=\"async\" class=\"alignnone wp-image-484\" src=\"https:\/\/www.comunitadonmilani.it\/wp-content\/uploads\/2025\/02\/nello.jpg\" alt=\"\" width=\"458\" height=\"458\" srcset=\"https:\/\/www.comunitadonmilani.it\/wp-content\/uploads\/2025\/02\/nello.jpg 960w, https:\/\/www.comunitadonmilani.it\/wp-content\/uploads\/2025\/02\/nello-300x300.jpg 300w, https:\/\/www.comunitadonmilani.it\/wp-content\/uploads\/2025\/02\/nello-150x150.jpg 150w, https:\/\/www.comunitadonmilani.it\/wp-content\/uploads\/2025\/02\/nello-768x768.jpg 768w\" sizes=\"auto, (max-width: 458px) 100vw, 458px\" \/><br \/>\n<em>Nello<\/em><\/p>\n<p style=\"text-align: justify;\"><strong>IL CONSIGLIO DI AMMINISTRAZIONE<\/strong><br \/>\nENRICHETTA MANFREDI (Presidente)<br \/>\nNata a Corigliano Calabro il 17.5.81, \u00e8 presidente del C.D.A\u00a0 nonch\u00e9 rappresentante legale.<br \/>\nCompiuti gli studi superiori ad Acri,\u00a0 consegue la laurea in giurisprudenza presso l\u2019Universit\u00e0 di Firenze.<br \/>\nIl suo sogno era fare un lavoro utile agli altri, soprattutto alle persone vulnerabili, un tutt\u2019uno con l\u2019 entusiasmo per un mondo senza conflitti e violenze su ambiente, persone, animali e cose.<br \/>\nManifest\u00f2 interesse gi\u00e0 da piccola per la difesa e la cura dei pi\u00f9 fragili. Durante gli studi superiori si approcci\u00f2 alla cooperativa sociale Don Milani, come volontaria, partecipando ad alcune attivit\u00e0 laboratoriali, nella fase in cui si muovevano i primi passi per la creazione della struttura di accoglienza, oggi sede legale e operativa della cooperativa-comunit\u00e0. L\u2019attivit\u00e0 di volontariato nel sociale, continu\u00f2 nella citt\u00e0 toscana degli studi, presso un\u2019associazione di persone con disabilit\u00e0.<br \/>\nQuesti trascorsi le fecero maturare l\u2019idea di seguire il cuore, dedicandos pienamente\u00a0 alla professione d\u2019aiuto. Sogno realizzato.<\/p>\n<p style=\"text-align: center;\"><img loading=\"lazy\" decoding=\"async\" class=\"alignnone wp-image-485 \" src=\"https:\/\/www.comunitadonmilani.it\/wp-content\/uploads\/2025\/02\/enrica-e1739044004629-1024x935.jpg\" alt=\"\" width=\"447\" height=\"408\" srcset=\"https:\/\/www.comunitadonmilani.it\/wp-content\/uploads\/2025\/02\/enrica-e1739044004629-1024x935.jpg 1024w, https:\/\/www.comunitadonmilani.it\/wp-content\/uploads\/2025\/02\/enrica-e1739044004629-300x274.jpg 300w, https:\/\/www.comunitadonmilani.it\/wp-content\/uploads\/2025\/02\/enrica-e1739044004629-768x702.jpg 768w, https:\/\/www.comunitadonmilani.it\/wp-content\/uploads\/2025\/02\/enrica-e1739044004629.jpg 1536w\" sizes=\"auto, (max-width: 447px) 100vw, 447px\" \/><br \/>\n<em>Enrichetta mentre firma l\u2019atto della donazione di un terreno da parte della famiglia Montalto-Conforti.<\/em><\/p>\n<p style=\"text-align: justify;\">ANGELO VIGLIATURO (Vice presidente)<br \/>\nNato a Corigliano Calabro il 26.05.1969. Angelo \u00e8 stato ed \u00e8 un pilastro della Don Milani, nei cui ranghi approd\u00f2 in un momento delicato della propria vita, quando un terribile incidente sul lavoro ne min\u00f2 l\u2019autonomia fisica di movimento.<br \/>\nVersatile nelle conoscenze informatiche, equilibrato nei giudizi, elemento coesivo e risolutivo di momenti delicati e fragili del gruppo.<br \/>\nOggi lavora, essendo risultato vincitore di un concorso, come collaboratore amministrativo al Comune di Acri, ma \u00e8 sempre presente nei momenti decisionali, nell\u2019aiuto a tenere il sito internet aggiornato, nel saper risolvere ogni problema al sistema informatico.<\/p>\n<p style=\"text-align: center;\"><img loading=\"lazy\" decoding=\"async\" class=\"alignnone wp-image-534\" src=\"https:\/\/www.comunitadonmilani.it\/wp-content\/uploads\/2025\/02\/angelo-e1739120141865.jpg\" alt=\"\" width=\"311\" height=\"384\" \/><br \/>\n<em>Angelo<\/em><\/p>\n<p style=\"text-align: justify;\">DONATELLA BISIGNANO (Consigliere di amministrazione)<br \/>\nDonatella \u00e8 nata ad Cosenza il 2.8.1992. E\u2019 l\u2019elemento pi\u00f9 giovane del gruppo fondativo e direttivo attuale. Approdata alla Don Milani nel momento in cui avveniva la trasformazione dell\u2019originaria cooperativa sociale all\u2019attuale comunit\u00e0 di accoglienza. Lei stessa venne accolta in un momento di bisogno assieme alla sua mamma.<br \/>\nSi pu\u00f2 dire che Donatella \u00e8 cresciuta nella cooperativa che a sua volta \u00e8 cresciuta anche grazie al suo apporto.<br \/>\nSi occupa degli adempimenti sanitari degli ospiti ed \u00e8 OLP (operatore locale di progetto) del servizio civile, svolgendo, altres\u00ec, ruoli complementari al buon andamento del sodalizio comunitario.<\/p>\n<p style=\"text-align: center;\">\u00a0<img loading=\"lazy\" decoding=\"async\" class=\"alignnone wp-image-503 \" src=\"https:\/\/www.comunitadonmilani.it\/wp-content\/uploads\/2025\/02\/donatella-e1739044199646-651x1024.jpg\" alt=\"\" width=\"318\" height=\"500\" srcset=\"https:\/\/www.comunitadonmilani.it\/wp-content\/uploads\/2025\/02\/donatella-e1739044199646-651x1024.jpg 651w, https:\/\/www.comunitadonmilani.it\/wp-content\/uploads\/2025\/02\/donatella-e1739044199646-191x300.jpg 191w, https:\/\/www.comunitadonmilani.it\/wp-content\/uploads\/2025\/02\/donatella-e1739044199646-768x1208.jpg 768w, https:\/\/www.comunitadonmilani.it\/wp-content\/uploads\/2025\/02\/donatella-e1739044199646.jpg 852w\" sizes=\"auto, (max-width: 318px) 100vw, 318px\" \/><br \/>\n<em>Donatella<\/em><\/p>\n<p><strong>SQUADRA OPERATIVA<\/strong><\/p>\n<ul>\n<li>EMANUELA ADIMARI OSA<\/li>\n<li>ENZA BIANCHINO O.S.S<\/li>\n<li>ROSSELLA LIGUORI O.S.S<\/li>\n<li>RICCARDO SCAVELLO OSA<\/li>\n<li>GIOVANNI FIORENTINO Responsabile del settore agricolo, perito agrario<\/li>\n<li>MASSIMO GENCARELLI<\/li>\n<\/ul>\n<p>&nbsp;<\/p>\n","protected":false},"excerpt":{"rendered":"<p>CHI SIAMO Siamo una comunit\u00e0 di persone che cercano di far risorgere, dalle ceneri di una societ\u00e0 fondata sulla competitivit\u00e0\u00a0 sfrenata, per tanti aspetti violenta, bagliori di una possibile alternativa, da costruire ex novo. Confucio una volta disse: trovatemi una famiglia proba ed \u00e8 salvo l\u2019impero, noi diciamo che \u201claddove cresce il male pu\u00f2 nascere &hellip;<\/p>\n","protected":false},"author":1,"featured_media":0,"parent":0,"menu_order":0,"comment_status":"closed","ping_status":"closed","template":"","meta":{"footnotes":""},"class_list":["post-285","page","type-page","status-publish",""],"_links":{"self":[{"href":"https:\/\/www.comunitadonmilani.it\/index.php\/wp-json\/wp\/v2\/pages\/285","targetHints":{"allow":["GET"]}}],"collection":[{"href":"https:\/\/www.comunitadonmilani.it\/index.php\/wp-json\/wp\/v2\/pages"}],"about":[{"href":"https:\/\/www.comunitadonmilani.it\/index.php\/wp-json\/wp\/v2\/types\/page"}],"author":[{"embeddable":true,"href":"https:\/\/www.comunitadonmilani.it\/index.php\/wp-json\/wp\/v2\/users\/1"}],"replies":[{"embeddable":true,"href":"https:\/\/www.comunitadonmilani.it\/index.php\/wp-json\/wp\/v2\/comments?post=285"}],"version-history":[{"count":5,"href":"https:\/\/www.comunitadonmilani.it\/index.php\/wp-json\/wp\/v2\/pages\/285\/revisions"}],"predecessor-version":[{"id":535,"href":"https:\/\/www.comunitadonmilani.it\/index.php\/wp-json\/wp\/v2\/pages\/285\/revisions\/535"}],"wp:attachment":[{"href":"https:\/\/www.comunitadonmilani.it\/index.php\/wp-json\/wp\/v2\/media?parent=285"}],"curies":[{"name":"wp","href":"https:\/\/api.w.org\/{rel}","templated":true}]}}